{"id":5496,"date":"2025-05-07T11:19:57","date_gmt":"2025-05-07T09:19:57","guid":{"rendered":"https:\/\/staff24.com\/azonnali-szemelyzeti-erdeklodes\/"},"modified":"2025-08-19T11:32:58","modified_gmt":"2025-08-19T09:32:58","slug":"azonnali-szemelyzeti-erdeklodes","status":"publish","type":"page","link":"https:\/\/staff24.hazelmountain.cloud\/hu\/azonnali-szemelyzeti-erdeklodes\/","title":{"rendered":"Azonnali szem\u00e9lyzeti \u00e9rdekl\u0151d\u00e9s"},"content":{"rendered":"","protected":false},"excerpt":{"rendered":"","protected":false},"author":1,"featured_media":0,"parent":0,"menu_order":0,"comment_status":"closed","ping_status":"closed","template":"","meta":{"footnotes":""},"class_list":["post-5496","page","type-page","status-publish","hentry"],"_links":{"self":[{"href":"https:\/\/staff24.hazelmountain.cloud\/hu\/wp-json\/wp\/v2\/pages\/5496","targetHints":{"allow":["GET"]}}],"collection":[{"href":"https:\/\/staff24.hazelmountain.cloud\/hu\/wp-json\/wp\/v2\/pages"}],"about":[{"href":"https:\/\/staff24.hazelmountain.cloud\/hu\/wp-json\/wp\/v2\/types\/page"}],"author":[{"embeddable":true,"href":"https:\/\/staff24.hazelmountain.cloud\/hu\/wp-json\/wp\/v2\/users\/1"}],"replies":[{"embeddable":true,"href":"https:\/\/staff24.hazelmountain.cloud\/hu\/wp-json\/wp\/v2\/comments?post=5496"}],"version-history":[{"count":1,"href":"https:\/\/staff24.hazelmountain.cloud\/hu\/wp-json\/wp\/v2\/pages\/5496\/revisions"}],"predecessor-version":[{"id":20800,"href":"https:\/\/staff24.hazelmountain.cloud\/hu\/wp-json\/wp\/v2\/pages\/5496\/revisions\/20800"}],"wp:attachment":[{"href":"https:\/\/staff24.hazelmountain.cloud\/hu\/wp-json\/wp\/v2\/media?parent=5496"}],"curies":[{"name":"wp","href":"https:\/\/api.w.org\/{rel}","templated":true}]}}