{"id":5459,"date":"2025-05-07T09:53:19","date_gmt":"2025-05-07T09:53:19","guid":{"rendered":"https:\/\/staff24.com\/cegeknek\/munkaero-koelcsoenzes\/"},"modified":"2025-07-11T23:07:17","modified_gmt":"2025-07-11T23:07:17","slug":"munkaero-koelcsoenzes","status":"publish","type":"page","link":"https:\/\/staff24.hazelmountain.cloud\/hu\/cegeknek\/munkaero-koelcsoenzes\/","title":{"rendered":"Munkaer\u0151-k\u00f6lcs\u00f6nz\u00e9s"},"content":{"rendered":"","protected":false},"excerpt":{"rendered":"","protected":false},"author":1,"featured_media":0,"parent":5439,"menu_order":0,"comment_status":"closed","ping_status":"closed","template":"","meta":{"footnotes":""},"class_list":["post-5459","page","type-page","status-publish","hentry"],"_links":{"self":[{"href":"https:\/\/staff24.hazelmountain.cloud\/hu\/wp-json\/wp\/v2\/pages\/5459","targetHints":{"allow":["GET"]}}],"collection":[{"href":"https:\/\/staff24.hazelmountain.cloud\/hu\/wp-json\/wp\/v2\/pages"}],"about":[{"href":"https:\/\/staff24.hazelmountain.cloud\/hu\/wp-json\/wp\/v2\/types\/page"}],"author":[{"embeddable":true,"href":"https:\/\/staff24.hazelmountain.cloud\/hu\/wp-json\/wp\/v2\/users\/1"}],"replies":[{"embeddable":true,"href":"https:\/\/staff24.hazelmountain.cloud\/hu\/wp-json\/wp\/v2\/comments?post=5459"}],"version-history":[{"count":1,"href":"https:\/\/staff24.hazelmountain.cloud\/hu\/wp-json\/wp\/v2\/pages\/5459\/revisions"}],"predecessor-version":[{"id":6758,"href":"https:\/\/staff24.hazelmountain.cloud\/hu\/wp-json\/wp\/v2\/pages\/5459\/revisions\/6758"}],"up":[{"embeddable":true,"href":"https:\/\/staff24.hazelmountain.cloud\/hu\/wp-json\/wp\/v2\/pages\/5439"}],"wp:attachment":[{"href":"https:\/\/staff24.hazelmountain.cloud\/hu\/wp-json\/wp\/v2\/media?parent=5459"}],"curies":[{"name":"wp","href":"https:\/\/api.w.org\/{rel}","templated":true}]}}