{"id":5427,"date":"2025-05-07T10:01:41","date_gmt":"2025-05-07T10:01:41","guid":{"rendered":"https:\/\/staff24.com\/klasszikus-szemelyzeti-ellatas\/"},"modified":"2025-07-11T23:06:26","modified_gmt":"2025-07-11T23:06:26","slug":"klasszikus-szemelyzeti-ellatas","status":"publish","type":"page","link":"https:\/\/staff24.hazelmountain.cloud\/hu\/cegeknek\/klasszikus-szemelyzeti-ellatas\/","title":{"rendered":"Klasszikus szem\u00e9lyzeti ell\u00e1t\u00e1s"},"content":{"rendered":"","protected":false},"excerpt":{"rendered":"","protected":false},"author":1,"featured_media":0,"parent":5439,"menu_order":0,"comment_status":"closed","ping_status":"closed","template":"","meta":{"footnotes":""},"class_list":["post-5427","page","type-page","status-publish","hentry"],"_links":{"self":[{"href":"https:\/\/staff24.hazelmountain.cloud\/hu\/wp-json\/wp\/v2\/pages\/5427","targetHints":{"allow":["GET"]}}],"collection":[{"href":"https:\/\/staff24.hazelmountain.cloud\/hu\/wp-json\/wp\/v2\/pages"}],"about":[{"href":"https:\/\/staff24.hazelmountain.cloud\/hu\/wp-json\/wp\/v2\/types\/page"}],"author":[{"embeddable":true,"href":"https:\/\/staff24.hazelmountain.cloud\/hu\/wp-json\/wp\/v2\/users\/1"}],"replies":[{"embeddable":true,"href":"https:\/\/staff24.hazelmountain.cloud\/hu\/wp-json\/wp\/v2\/comments?post=5427"}],"version-history":[{"count":1,"href":"https:\/\/staff24.hazelmountain.cloud\/hu\/wp-json\/wp\/v2\/pages\/5427\/revisions"}],"predecessor-version":[{"id":5441,"href":"https:\/\/staff24.hazelmountain.cloud\/hu\/wp-json\/wp\/v2\/pages\/5427\/revisions\/5441"}],"up":[{"embeddable":true,"href":"https:\/\/staff24.hazelmountain.cloud\/hu\/wp-json\/wp\/v2\/pages\/5439"}],"wp:attachment":[{"href":"https:\/\/staff24.hazelmountain.cloud\/hu\/wp-json\/wp\/v2\/media?parent=5427"}],"curies":[{"name":"wp","href":"https:\/\/api.w.org\/{rel}","templated":true}]}}