{"id":4242,"date":"2025-05-13T11:30:28","date_gmt":"2025-05-13T11:30:28","guid":{"rendered":"https:\/\/staff24.com\/a-szemelyzeti-szolgaltatas-altalanos-feltetelei\/"},"modified":"2025-07-11T23:06:02","modified_gmt":"2025-07-11T23:06:02","slug":"a-szemelyzeti-szolgaltatas-altalanos-feltetelei","status":"publish","type":"page","link":"https:\/\/staff24.hazelmountain.cloud\/hu\/a-szemelyzeti-szolgaltatas-altalanos-feltetelei\/","title":{"rendered":"A szem\u00e9lyzeti szolg\u00e1ltat\u00e1s \u00e1ltal\u00e1nos felt\u00e9telei"},"content":{"rendered":"","protected":false},"excerpt":{"rendered":"","protected":false},"author":1,"featured_media":0,"parent":0,"menu_order":0,"comment_status":"closed","ping_status":"closed","template":"","meta":{"footnotes":""},"class_list":["post-4242","page","type-page","status-publish","hentry"],"_links":{"self":[{"href":"https:\/\/staff24.hazelmountain.cloud\/hu\/wp-json\/wp\/v2\/pages\/4242","targetHints":{"allow":["GET"]}}],"collection":[{"href":"https:\/\/staff24.hazelmountain.cloud\/hu\/wp-json\/wp\/v2\/pages"}],"about":[{"href":"https:\/\/staff24.hazelmountain.cloud\/hu\/wp-json\/wp\/v2\/types\/page"}],"author":[{"embeddable":true,"href":"https:\/\/staff24.hazelmountain.cloud\/hu\/wp-json\/wp\/v2\/users\/1"}],"replies":[{"embeddable":true,"href":"https:\/\/staff24.hazelmountain.cloud\/hu\/wp-json\/wp\/v2\/comments?post=4242"}],"version-history":[{"count":1,"href":"https:\/\/staff24.hazelmountain.cloud\/hu\/wp-json\/wp\/v2\/pages\/4242\/revisions"}],"predecessor-version":[{"id":6744,"href":"https:\/\/staff24.hazelmountain.cloud\/hu\/wp-json\/wp\/v2\/pages\/4242\/revisions\/6744"}],"wp:attachment":[{"href":"https:\/\/staff24.hazelmountain.cloud\/hu\/wp-json\/wp\/v2\/media?parent=4242"}],"curies":[{"name":"wp","href":"https:\/\/api.w.org\/{rel}","templated":true}]}}