{"id":4234,"date":"2025-05-13T11:29:17","date_gmt":"2025-05-13T11:29:17","guid":{"rendered":"https:\/\/staff24.com\/a-szemelyzeti-tanacsadas-koezvetites-altalanos-feltetelei\/"},"modified":"2025-07-11T23:05:53","modified_gmt":"2025-07-11T23:05:53","slug":"a-szemelyzeti-tanacsadas-koezvetites-altalanos-feltetelei","status":"publish","type":"page","link":"https:\/\/staff24.hazelmountain.cloud\/hu\/a-szemelyzeti-tanacsadas-koezvetites-altalanos-feltetelei\/","title":{"rendered":"A szem\u00e9lyzeti tan\u00e1csad\u00e1s\/k\u00f6zvet\u00edt\u00e9s \u00e1ltal\u00e1nos felt\u00e9telei"},"content":{"rendered":"","protected":false},"excerpt":{"rendered":"","protected":false},"author":1,"featured_media":0,"parent":0,"menu_order":0,"comment_status":"closed","ping_status":"closed","template":"","meta":{"footnotes":""},"class_list":["post-4234","page","type-page","status-publish","hentry"],"_links":{"self":[{"href":"https:\/\/staff24.hazelmountain.cloud\/hu\/wp-json\/wp\/v2\/pages\/4234","targetHints":{"allow":["GET"]}}],"collection":[{"href":"https:\/\/staff24.hazelmountain.cloud\/hu\/wp-json\/wp\/v2\/pages"}],"about":[{"href":"https:\/\/staff24.hazelmountain.cloud\/hu\/wp-json\/wp\/v2\/types\/page"}],"author":[{"embeddable":true,"href":"https:\/\/staff24.hazelmountain.cloud\/hu\/wp-json\/wp\/v2\/users\/1"}],"replies":[{"embeddable":true,"href":"https:\/\/staff24.hazelmountain.cloud\/hu\/wp-json\/wp\/v2\/comments?post=4234"}],"version-history":[{"count":1,"href":"https:\/\/staff24.hazelmountain.cloud\/hu\/wp-json\/wp\/v2\/pages\/4234\/revisions"}],"predecessor-version":[{"id":6750,"href":"https:\/\/staff24.hazelmountain.cloud\/hu\/wp-json\/wp\/v2\/pages\/4234\/revisions\/6750"}],"wp:attachment":[{"href":"https:\/\/staff24.hazelmountain.cloud\/hu\/wp-json\/wp\/v2\/media?parent=4234"}],"curies":[{"name":"wp","href":"https:\/\/api.w.org\/{rel}","templated":true}]}}